{"id":987505828,"date":"2023-11-30T10:14:44","date_gmt":"2023-11-30T15:14:44","guid":{"rendered":"https:\/\/pontiacchamberofcommerce.ca.ottawavalleymedia.ca\/politique-de-confidentialite\/"},"modified":"2023-12-19T16:06:03","modified_gmt":"2023-12-19T21:06:03","slug":"politique-de-confidentialite","status":"publish","type":"page","link":"https:\/\/pontiacchamberofcommerce.ca\/fr\/politique-de-confidentialite\/","title":{"rendered":"Politique de confidentialit\u00e9"},"content":{"rendered":"\n<p class=\"\"><strong>Date d&rsquo;entr\u00e9e en vigueur : <\/strong>1er d\u00e9cembre 2023<\/p>\n\n<p class=\"\">Bienvenue \u00e0 la Chambre de commerce du Pontiac (\u00ab\u00a0nous\u00a0\u00bb, \u00ab\u00a0notre\u00a0\u00bb, ou \u00ab\u00a0nos\u00a0\u00bb) Nous nous engageons \u00e0 prot\u00e9ger votre vie priv\u00e9e.<\/p>\n\n<p class=\"\"><strong>1. Informations que nous recueillons<\/strong><\/p>\n\n<p class=\"\">Notre collecte de donn\u00e9es comprend:<\/p>\n\n<ul class=\"wp-block-list\">\n<li class=\"\">D\u00e9tails du membre : Nom, adresse \u00e9lectronique, num\u00e9ro de t\u00e9l\u00e9phone et nom de l&rsquo;entreprise, stock\u00e9s en toute s\u00e9curit\u00e9 pour la communication et la prestation de services.<\/li>\n<\/ul>\n\n<p class=\"\"><strong>2. Utilisation de vos informations<\/strong><\/p>\n\n<p class=\"\">Nous utilisons vos informations pour:<\/p>\n\n<ul class=\"wp-block-list\">\n<li class=\"\">Am\u00e9liorez la communication et proposez des mises \u00e0 jour pertinentes.<\/li>\n\n\n\n<li class=\"\">Participez \u00e0 des actions de marketing cibl\u00e9es sur des plateformes telles que Facebook et LinkedIn.<\/li>\n<\/ul>\n\n<p class=\"\"><strong>3. Cookies et technologie de suivi<\/strong><\/p>\n\n<p class=\"\">Notre site Internet utilise des cookies pour:<\/p>\n\n<ul class=\"wp-block-list\">\n<li class=\"\">Am\u00e9liorez votre exp\u00e9rience de navigation en m\u00e9morisant vos pr\u00e9f\u00e9rences.<\/li>\n\n\n\n<li class=\"\">Suivre l&rsquo;utilisation du site web pour comprendre l&rsquo;engagement des membres et am\u00e9liorer nos services.<\/li>\n\n\n\n<li class=\"\">Activer les strat\u00e9gies de reciblage, nous permettant d&rsquo;afficher un contenu pertinent bas\u00e9 sur les interactions de votre site Web.<\/li>\n<\/ul>\n\n<p class=\"\">Vous pouvez g\u00e9rer les pr\u00e9f\u00e9rences en mati\u00e8re de cookies par le biais des param\u00e8tres de votre navigateur.<\/p>\n\n<p class=\"\"><strong>4. Consentement et communication<\/strong><\/p>\n\n<p class=\"\">Nous adh\u00e9rons \u00e0:<\/p>\n\n<ul class=\"wp-block-list\">\n<li class=\"\">Obtenir un consentement clair et explicite pour la collecte et l&rsquo;utilisation des donn\u00e9es.<\/li>\n\n\n\n<li class=\"\">Communication transparente sur les finalit\u00e9s de l&rsquo;utilisation des donn\u00e9es.<\/li>\n\n\n\n<li class=\"\">Offrir aux membres la possibilit\u00e9 de retirer leur consentement.<\/li>\n<\/ul>\n\n<p class=\"\"><strong>5. Partage de l&rsquo;information<\/strong><\/p>\n\n<p class=\"\">Pour la gestion des membres, nous partageons des informations avec:<\/p>\n\n<ul class=\"wp-block-list\">\n<li class=\"\">Organisations tierces de confiance, y compris notre agence d&rsquo;enregistrement.<\/li>\n\n\n\n<li class=\"\">Plateformes de marketing \u00e0 des fins sp\u00e9cifiques, en veillant au respect de la vie priv\u00e9e.<\/li>\n<\/ul>\n\n<p class=\"\"><strong>6. S\u00e9curit\u00e9 et conservation des donn\u00e9es<\/strong><\/p>\n\n<p class=\"\">Pour prot\u00e9ger vos donn\u00e9es, nous:<\/p>\n\n<ul class=\"wp-block-list\">\n<li class=\"\">Mettre en \u0153uvre des mesures de s\u00e9curit\u00e9 solides.<\/li>\n\n\n\n<li class=\"\">Ne conserver les donn\u00e9es que pour les dur\u00e9es n\u00e9cessaires.<\/li>\n<\/ul>\n\n<p class=\"\"><strong>7. Vos droits<\/strong><\/p>\n\n<p class=\"\">En tant que membre, vous avez le droit de:<\/p>\n\n<ul class=\"wp-block-list\">\n<li class=\"\">Acc\u00e9der \u00e0 vos informations personnelles, les corriger ou les supprimer.<\/li>\n\n\n\n<li class=\"\">Contactez-nous \u00e0 [contact details] pour ces demandes.<\/li>\n<\/ul>\n\n<p class=\"\"><strong>8. Responsable de la protection de la vie priv\u00e9e<\/strong><\/p>\n\n<p class=\"\">Pour toute question relative \u00e0 la protection de la vie priv\u00e9e, veuillez contacter:<\/p>\n\n<ul class=\"wp-block-list\">\n<li class=\"\">Jon Stewart, Calumet Media &amp; Consulting<\/li>\n\n\n\n<li class=\"\">Email: <a href=\"mailto:jon@calumetmedia.ca\">jon@calumetmedia.ca<\/a><\/li>\n\n\n\n<li class=\"\">Phone: 613-796-2991<\/li>\n<\/ul>\n\n<p class=\"\"><strong>9. Mises \u00e0 jour des politiques<\/strong><\/p>\n\n<p class=\"\">Nous nous r\u00e9servons le droit de mettre \u00e0 jour cette politique, en communiquant les changements de mani\u00e8re efficace.<\/p>\n\n<p class=\"\">For more information, contact us at <a href=\"mailto:info@jons95.sg-host.com\">info@jons95.sg-host.com<\/a>.<\/p>\n","protected":false},"excerpt":{"rendered":"<p>Date d&rsquo;entr\u00e9e en vigueur : 1er d\u00e9cembre 2023 Bienvenue \u00e0 la Chambre de commerce du Pontiac (\u00ab\u00a0nous\u00a0\u00bb, \u00ab\u00a0notre\u00a0\u00bb, ou \u00ab\u00a0nos\u00a0\u00bb) Nous nous engageons \u00e0 prot\u00e9ger votre vie priv\u00e9e. 1. Informations que nous recueillons Notre collecte de donn\u00e9es comprend: 2. Utilisation de vos informations Nous utilisons vos informations pour: 3. Cookies et technologie de suivi Notre [&hellip;]<\/p>\n","protected":false},"author":3,"featured_media":0,"parent":0,"menu_order":0,"comment_status":"closed","ping_status":"closed","template":"","meta":{"_acf_changed":false,"footnotes":""},"class_list":["post-987505828","page","type-page","status-publish","hentry"],"acf":[],"yoast_head":"<!-- This site is optimized with the Yoast SEO plugin v27.3 - https:\/\/yoast.com\/product\/yoast-seo-wordpress\/ -->\n<title>Politique de confidentialit\u00e9 - Pontiac Chambre de Commerce<\/title>\n<meta name=\"robots\" content=\"index, follow, max-snippet:-1, max-image-preview:large, max-video-preview:-1\" \/>\n<link rel=\"canonical\" href=\"https:\/\/pontiacchamberofcommerce.ca\/fr\/politique-de-confidentialite\/\" \/>\n<meta property=\"og:locale\" content=\"fr_FR\" \/>\n<meta property=\"og:type\" content=\"article\" \/>\n<meta property=\"og:title\" content=\"Politique de confidentialit\u00e9 - Pontiac Chambre de Commerce\" \/>\n<meta property=\"og:description\" content=\"Date d&rsquo;entr\u00e9e en vigueur : 1er d\u00e9cembre 2023 Bienvenue \u00e0 la Chambre de commerce du Pontiac (\u00ab\u00a0nous\u00a0\u00bb, \u00ab\u00a0notre\u00a0\u00bb, ou \u00ab\u00a0nos\u00a0\u00bb) Nous nous engageons \u00e0 prot\u00e9ger votre vie priv\u00e9e. 1. Informations que nous recueillons Notre collecte de donn\u00e9es comprend: 2. Utilisation de vos informations Nous utilisons vos informations pour: 3. Cookies et technologie de suivi Notre [&hellip;]\" \/>\n<meta property=\"og:url\" content=\"https:\/\/pontiacchamberofcommerce.ca\/fr\/politique-de-confidentialite\/\" \/>\n<meta property=\"og:site_name\" content=\"Pontiac Chambre de Commerce\" \/>\n<meta property=\"article:publisher\" content=\"https:\/\/www.facebook.com\/CommercePontiac\" \/>\n<meta property=\"article:modified_time\" content=\"2023-12-19T21:06:03+00:00\" \/>\n<meta name=\"twitter:card\" content=\"summary_large_image\" \/>\n<meta name=\"twitter:label1\" content=\"Dur\u00e9e de lecture estim\u00e9e\" \/>\n\t<meta name=\"twitter:data1\" content=\"2 minutes\" \/>\n<script type=\"application\/ld+json\" class=\"yoast-schema-graph\">{\"@context\":\"https:\\\/\\\/schema.org\",\"@graph\":[{\"@type\":\"WebPage\",\"@id\":\"https:\\\/\\\/pontiacchamberofcommerce.ca\\\/fr\\\/politique-de-confidentialite\\\/\",\"url\":\"https:\\\/\\\/pontiacchamberofcommerce.ca\\\/fr\\\/politique-de-confidentialite\\\/\",\"name\":\"Politique de confidentialit\u00e9 - Pontiac Chambre de Commerce\",\"isPartOf\":{\"@id\":\"https:\\\/\\\/pontiacchamberofcommerce.ca\\\/fr\\\/#website\"},\"datePublished\":\"2023-11-30T15:14:44+00:00\",\"dateModified\":\"2023-12-19T21:06:03+00:00\",\"breadcrumb\":{\"@id\":\"https:\\\/\\\/pontiacchamberofcommerce.ca\\\/fr\\\/politique-de-confidentialite\\\/#breadcrumb\"},\"inLanguage\":\"fr-FR\",\"potentialAction\":[{\"@type\":\"ReadAction\",\"target\":[\"https:\\\/\\\/pontiacchamberofcommerce.ca\\\/fr\\\/politique-de-confidentialite\\\/\"]}]},{\"@type\":\"BreadcrumbList\",\"@id\":\"https:\\\/\\\/pontiacchamberofcommerce.ca\\\/fr\\\/politique-de-confidentialite\\\/#breadcrumb\",\"itemListElement\":[{\"@type\":\"ListItem\",\"position\":1,\"name\":\"Home\",\"item\":\"https:\\\/\\\/pontiacchamberofcommerce.ca\\\/fr\\\/\"},{\"@type\":\"ListItem\",\"position\":2,\"name\":\"Politique de confidentialit\u00e9\"}]},{\"@type\":\"WebSite\",\"@id\":\"https:\\\/\\\/pontiacchamberofcommerce.ca\\\/fr\\\/#website\",\"url\":\"https:\\\/\\\/pontiacchamberofcommerce.ca\\\/fr\\\/\",\"name\":\"Pontiac Chamber of Commerce\",\"description\":\"\",\"publisher\":{\"@id\":\"https:\\\/\\\/pontiacchamberofcommerce.ca\\\/fr\\\/#organization\"},\"potentialAction\":[{\"@type\":\"SearchAction\",\"target\":{\"@type\":\"EntryPoint\",\"urlTemplate\":\"https:\\\/\\\/pontiacchamberofcommerce.ca\\\/fr\\\/?s={search_term_string}\"},\"query-input\":{\"@type\":\"PropertyValueSpecification\",\"valueRequired\":true,\"valueName\":\"search_term_string\"}}],\"inLanguage\":\"fr-FR\"},{\"@type\":\"Organization\",\"@id\":\"https:\\\/\\\/pontiacchamberofcommerce.ca\\\/fr\\\/#organization\",\"name\":\"Pontiac Chamber of Commerce\",\"url\":\"https:\\\/\\\/pontiacchamberofcommerce.ca\\\/fr\\\/\",\"logo\":{\"@type\":\"ImageObject\",\"inLanguage\":\"fr-FR\",\"@id\":\"https:\\\/\\\/pontiacchamberofcommerce.ca\\\/fr\\\/#\\\/schema\\\/logo\\\/image\\\/\",\"url\":\"https:\\\/\\\/pontiacchamberofcommerce.ca\\\/wp-content\\\/uploads\\\/2023\\\/01\\\/Chamber-Logo-2022.jpg\",\"contentUrl\":\"https:\\\/\\\/pontiacchamberofcommerce.ca\\\/wp-content\\\/uploads\\\/2023\\\/01\\\/Chamber-Logo-2022.jpg\",\"width\":1500,\"height\":1531,\"caption\":\"Pontiac Chamber of Commerce\"},\"image\":{\"@id\":\"https:\\\/\\\/pontiacchamberofcommerce.ca\\\/fr\\\/#\\\/schema\\\/logo\\\/image\\\/\"},\"sameAs\":[\"https:\\\/\\\/www.facebook.com\\\/CommercePontiac\"]}]}<\/script>\n<!-- \/ Yoast SEO plugin. -->","yoast_head_json":{"title":"Politique de confidentialit\u00e9 - Pontiac Chambre de Commerce","robots":{"index":"index","follow":"follow","max-snippet":"max-snippet:-1","max-image-preview":"max-image-preview:large","max-video-preview":"max-video-preview:-1"},"canonical":"https:\/\/pontiacchamberofcommerce.ca\/fr\/politique-de-confidentialite\/","og_locale":"fr_FR","og_type":"article","og_title":"Politique de confidentialit\u00e9 - Pontiac Chambre de Commerce","og_description":"Date d&rsquo;entr\u00e9e en vigueur : 1er d\u00e9cembre 2023 Bienvenue \u00e0 la Chambre de commerce du Pontiac (\u00ab\u00a0nous\u00a0\u00bb, \u00ab\u00a0notre\u00a0\u00bb, ou \u00ab\u00a0nos\u00a0\u00bb) Nous nous engageons \u00e0 prot\u00e9ger votre vie priv\u00e9e. 1. Informations que nous recueillons Notre collecte de donn\u00e9es comprend: 2. Utilisation de vos informations Nous utilisons vos informations pour: 3. Cookies et technologie de suivi Notre [&hellip;]","og_url":"https:\/\/pontiacchamberofcommerce.ca\/fr\/politique-de-confidentialite\/","og_site_name":"Pontiac Chambre de Commerce","article_publisher":"https:\/\/www.facebook.com\/CommercePontiac","article_modified_time":"2023-12-19T21:06:03+00:00","twitter_card":"summary_large_image","twitter_misc":{"Dur\u00e9e de lecture estim\u00e9e":"2 minutes"},"schema":{"@context":"https:\/\/schema.org","@graph":[{"@type":"WebPage","@id":"https:\/\/pontiacchamberofcommerce.ca\/fr\/politique-de-confidentialite\/","url":"https:\/\/pontiacchamberofcommerce.ca\/fr\/politique-de-confidentialite\/","name":"Politique de confidentialit\u00e9 - Pontiac Chambre de Commerce","isPartOf":{"@id":"https:\/\/pontiacchamberofcommerce.ca\/fr\/#website"},"datePublished":"2023-11-30T15:14:44+00:00","dateModified":"2023-12-19T21:06:03+00:00","breadcrumb":{"@id":"https:\/\/pontiacchamberofcommerce.ca\/fr\/politique-de-confidentialite\/#breadcrumb"},"inLanguage":"fr-FR","potentialAction":[{"@type":"ReadAction","target":["https:\/\/pontiacchamberofcommerce.ca\/fr\/politique-de-confidentialite\/"]}]},{"@type":"BreadcrumbList","@id":"https:\/\/pontiacchamberofcommerce.ca\/fr\/politique-de-confidentialite\/#breadcrumb","itemListElement":[{"@type":"ListItem","position":1,"name":"Home","item":"https:\/\/pontiacchamberofcommerce.ca\/fr\/"},{"@type":"ListItem","position":2,"name":"Politique de confidentialit\u00e9"}]},{"@type":"WebSite","@id":"https:\/\/pontiacchamberofcommerce.ca\/fr\/#website","url":"https:\/\/pontiacchamberofcommerce.ca\/fr\/","name":"Pontiac Chamber of Commerce","description":"","publisher":{"@id":"https:\/\/pontiacchamberofcommerce.ca\/fr\/#organization"},"potentialAction":[{"@type":"SearchAction","target":{"@type":"EntryPoint","urlTemplate":"https:\/\/pontiacchamberofcommerce.ca\/fr\/?s={search_term_string}"},"query-input":{"@type":"PropertyValueSpecification","valueRequired":true,"valueName":"search_term_string"}}],"inLanguage":"fr-FR"},{"@type":"Organization","@id":"https:\/\/pontiacchamberofcommerce.ca\/fr\/#organization","name":"Pontiac Chamber of Commerce","url":"https:\/\/pontiacchamberofcommerce.ca\/fr\/","logo":{"@type":"ImageObject","inLanguage":"fr-FR","@id":"https:\/\/pontiacchamberofcommerce.ca\/fr\/#\/schema\/logo\/image\/","url":"https:\/\/pontiacchamberofcommerce.ca\/wp-content\/uploads\/2023\/01\/Chamber-Logo-2022.jpg","contentUrl":"https:\/\/pontiacchamberofcommerce.ca\/wp-content\/uploads\/2023\/01\/Chamber-Logo-2022.jpg","width":1500,"height":1531,"caption":"Pontiac Chamber of Commerce"},"image":{"@id":"https:\/\/pontiacchamberofcommerce.ca\/fr\/#\/schema\/logo\/image\/"},"sameAs":["https:\/\/www.facebook.com\/CommercePontiac"]}]}},"_links":{"self":[{"href":"https:\/\/pontiacchamberofcommerce.ca\/fr\/wp-json\/wp\/v2\/pages\/987505828","targetHints":{"allow":["GET"]}}],"collection":[{"href":"https:\/\/pontiacchamberofcommerce.ca\/fr\/wp-json\/wp\/v2\/pages"}],"about":[{"href":"https:\/\/pontiacchamberofcommerce.ca\/fr\/wp-json\/wp\/v2\/types\/page"}],"author":[{"embeddable":true,"href":"https:\/\/pontiacchamberofcommerce.ca\/fr\/wp-json\/wp\/v2\/users\/3"}],"replies":[{"embeddable":true,"href":"https:\/\/pontiacchamberofcommerce.ca\/fr\/wp-json\/wp\/v2\/comments?post=987505828"}],"version-history":[{"count":0,"href":"https:\/\/pontiacchamberofcommerce.ca\/fr\/wp-json\/wp\/v2\/pages\/987505828\/revisions"}],"wp:attachment":[{"href":"https:\/\/pontiacchamberofcommerce.ca\/fr\/wp-json\/wp\/v2\/media?parent=987505828"}],"curies":[{"name":"wp","href":"https:\/\/api.w.org\/{rel}","templated":true}]}}