{"id":30,"date":"2023-01-06T03:35:28","date_gmt":"2023-01-06T08:35:28","guid":{"rendered":"https:\/\/pontiacchamberofcommerce.ca.ottawavalleymedia.ca\/?page_id=30"},"modified":"2024-08-08T13:38:00","modified_gmt":"2024-08-08T17:38:00","slug":"evenements","status":"publish","type":"page","link":"https:\/\/pontiacchamberofcommerce.ca\/fr\/evenements\/","title":{"rendered":"\u00c9v\u00e9nements"},"content":{"rendered":"","protected":false},"excerpt":{"rendered":"","protected":false},"author":2,"featured_media":987505672,"parent":0,"menu_order":0,"comment_status":"closed","ping_status":"closed","template":"","meta":{"_acf_changed":false,"footnotes":""},"class_list":["post-30","page","type-page","status-publish","has-post-thumbnail","hentry"],"acf":[],"yoast_head":"<!-- This site is optimized with the Yoast SEO plugin v27.3 - https:\/\/yoast.com\/product\/yoast-seo-wordpress\/ -->\n<title>La Chambre de commerce du Pontiac \u2502\u00c9v\u00e8nements \u00e0 venir<\/title>\n<meta name=\"description\" content=\"Jetez un coup d&#039;\u0153il \u00e0 nos \u00e9v\u00e9nements \u00e0 venir et profitez du r\u00e9seautage avec les meilleurs entrepreneurs de la r\u00e9gion du Pontiac.\" \/>\n<meta name=\"robots\" content=\"index, follow, max-snippet:-1, max-image-preview:large, max-video-preview:-1\" \/>\n<link rel=\"canonical\" href=\"https:\/\/pontiacchamberofcommerce.ca\/fr\/evenements\/\" \/>\n<meta property=\"og:locale\" content=\"fr_FR\" \/>\n<meta property=\"og:type\" content=\"article\" \/>\n<meta property=\"og:title\" content=\"La Chambre de commerce du Pontiac \u2502\u00c9v\u00e8nements \u00e0 venir\" \/>\n<meta property=\"og:description\" content=\"Jetez un coup d&#039;\u0153il \u00e0 nos \u00e9v\u00e9nements \u00e0 venir et profitez du r\u00e9seautage avec les meilleurs entrepreneurs de la r\u00e9gion du Pontiac.\" \/>\n<meta property=\"og:url\" content=\"https:\/\/pontiacchamberofcommerce.ca\/fr\/evenements\/\" \/>\n<meta property=\"og:site_name\" content=\"Pontiac Chambre de Commerce\" \/>\n<meta property=\"article:publisher\" content=\"https:\/\/www.facebook.com\/CommercePontiac\" \/>\n<meta property=\"article:modified_time\" content=\"2024-08-08T17:38:00+00:00\" \/>\n<meta property=\"og:image\" content=\"https:\/\/pontiacchamberofcommerce.ca\/wp-content\/uploads\/2023\/10\/fcei-presentation.jpg\" \/>\n\t<meta property=\"og:image:width\" content=\"1226\" \/>\n\t<meta property=\"og:image:height\" content=\"923\" \/>\n\t<meta property=\"og:image:type\" content=\"image\/jpeg\" \/>\n<meta name=\"twitter:card\" content=\"summary_large_image\" \/>\n<meta name=\"twitter:label1\" content=\"Dur\u00e9e de lecture estim\u00e9e\" \/>\n\t<meta name=\"twitter:data1\" content=\"3 minutes\" \/>\n<script type=\"application\/ld+json\" class=\"yoast-schema-graph\">{\"@context\":\"https:\\\/\\\/schema.org\",\"@graph\":[{\"@type\":\"WebPage\",\"@id\":\"https:\\\/\\\/pontiacchamberofcommerce.ca\\\/fr\\\/evenements\\\/\",\"url\":\"https:\\\/\\\/pontiacchamberofcommerce.ca\\\/fr\\\/evenements\\\/\",\"name\":\"La Chambre de commerce du Pontiac \u2502\u00c9v\u00e8nements \u00e0 venir\",\"isPartOf\":{\"@id\":\"https:\\\/\\\/pontiacchamberofcommerce.ca\\\/fr\\\/#website\"},\"primaryImageOfPage\":{\"@id\":\"https:\\\/\\\/pontiacchamberofcommerce.ca\\\/fr\\\/evenements\\\/#primaryimage\"},\"image\":{\"@id\":\"https:\\\/\\\/pontiacchamberofcommerce.ca\\\/fr\\\/evenements\\\/#primaryimage\"},\"thumbnailUrl\":\"https:\\\/\\\/pontiacchamberofcommerce.ca\\\/wp-content\\\/uploads\\\/2023\\\/10\\\/fcei-presentation.jpg\",\"datePublished\":\"2023-01-06T08:35:28+00:00\",\"dateModified\":\"2024-08-08T17:38:00+00:00\",\"description\":\"Jetez un coup d'\u0153il \u00e0 nos \u00e9v\u00e9nements \u00e0 venir et profitez du r\u00e9seautage avec les meilleurs entrepreneurs de la r\u00e9gion du Pontiac.\",\"breadcrumb\":{\"@id\":\"https:\\\/\\\/pontiacchamberofcommerce.ca\\\/fr\\\/evenements\\\/#breadcrumb\"},\"inLanguage\":\"fr-FR\",\"potentialAction\":[{\"@type\":\"ReadAction\",\"target\":[\"https:\\\/\\\/pontiacchamberofcommerce.ca\\\/fr\\\/evenements\\\/\"]}]},{\"@type\":\"ImageObject\",\"inLanguage\":\"fr-FR\",\"@id\":\"https:\\\/\\\/pontiacchamberofcommerce.ca\\\/fr\\\/evenements\\\/#primaryimage\",\"url\":\"https:\\\/\\\/pontiacchamberofcommerce.ca\\\/wp-content\\\/uploads\\\/2023\\\/10\\\/fcei-presentation.jpg\",\"contentUrl\":\"https:\\\/\\\/pontiacchamberofcommerce.ca\\\/wp-content\\\/uploads\\\/2023\\\/10\\\/fcei-presentation.jpg\",\"width\":1226,\"height\":923,\"caption\":\"Canadian Federation of Independent Businesses\"},{\"@type\":\"BreadcrumbList\",\"@id\":\"https:\\\/\\\/pontiacchamberofcommerce.ca\\\/fr\\\/evenements\\\/#breadcrumb\",\"itemListElement\":[{\"@type\":\"ListItem\",\"position\":1,\"name\":\"Home\",\"item\":\"https:\\\/\\\/pontiacchamberofcommerce.ca\\\/fr\\\/\"},{\"@type\":\"ListItem\",\"position\":2,\"name\":\"\u00c9v\u00e9nements\"}]},{\"@type\":\"WebSite\",\"@id\":\"https:\\\/\\\/pontiacchamberofcommerce.ca\\\/fr\\\/#website\",\"url\":\"https:\\\/\\\/pontiacchamberofcommerce.ca\\\/fr\\\/\",\"name\":\"Pontiac Chamber of Commerce\",\"description\":\"\",\"publisher\":{\"@id\":\"https:\\\/\\\/pontiacchamberofcommerce.ca\\\/fr\\\/#organization\"},\"potentialAction\":[{\"@type\":\"SearchAction\",\"target\":{\"@type\":\"EntryPoint\",\"urlTemplate\":\"https:\\\/\\\/pontiacchamberofcommerce.ca\\\/fr\\\/?s={search_term_string}\"},\"query-input\":{\"@type\":\"PropertyValueSpecification\",\"valueRequired\":true,\"valueName\":\"search_term_string\"}}],\"inLanguage\":\"fr-FR\"},{\"@type\":\"Organization\",\"@id\":\"https:\\\/\\\/pontiacchamberofcommerce.ca\\\/fr\\\/#organization\",\"name\":\"Pontiac Chamber of Commerce\",\"url\":\"https:\\\/\\\/pontiacchamberofcommerce.ca\\\/fr\\\/\",\"logo\":{\"@type\":\"ImageObject\",\"inLanguage\":\"fr-FR\",\"@id\":\"https:\\\/\\\/pontiacchamberofcommerce.ca\\\/fr\\\/#\\\/schema\\\/logo\\\/image\\\/\",\"url\":\"https:\\\/\\\/pontiacchamberofcommerce.ca\\\/wp-content\\\/uploads\\\/2023\\\/01\\\/Chamber-Logo-2022.jpg\",\"contentUrl\":\"https:\\\/\\\/pontiacchamberofcommerce.ca\\\/wp-content\\\/uploads\\\/2023\\\/01\\\/Chamber-Logo-2022.jpg\",\"width\":1500,\"height\":1531,\"caption\":\"Pontiac Chamber of Commerce\"},\"image\":{\"@id\":\"https:\\\/\\\/pontiacchamberofcommerce.ca\\\/fr\\\/#\\\/schema\\\/logo\\\/image\\\/\"},\"sameAs\":[\"https:\\\/\\\/www.facebook.com\\\/CommercePontiac\"]}]}<\/script>\n<!-- \/ Yoast SEO plugin. -->","yoast_head_json":{"title":"La Chambre de commerce du Pontiac \u2502\u00c9v\u00e8nements \u00e0 venir","description":"Jetez un coup d'\u0153il \u00e0 nos \u00e9v\u00e9nements \u00e0 venir et profitez du r\u00e9seautage avec les meilleurs entrepreneurs de la r\u00e9gion du Pontiac.","robots":{"index":"index","follow":"follow","max-snippet":"max-snippet:-1","max-image-preview":"max-image-preview:large","max-video-preview":"max-video-preview:-1"},"canonical":"https:\/\/pontiacchamberofcommerce.ca\/fr\/evenements\/","og_locale":"fr_FR","og_type":"article","og_title":"La Chambre de commerce du Pontiac \u2502\u00c9v\u00e8nements \u00e0 venir","og_description":"Jetez un coup d'\u0153il \u00e0 nos \u00e9v\u00e9nements \u00e0 venir et profitez du r\u00e9seautage avec les meilleurs entrepreneurs de la r\u00e9gion du Pontiac.","og_url":"https:\/\/pontiacchamberofcommerce.ca\/fr\/evenements\/","og_site_name":"Pontiac Chambre de Commerce","article_publisher":"https:\/\/www.facebook.com\/CommercePontiac","article_modified_time":"2024-08-08T17:38:00+00:00","og_image":[{"width":1226,"height":923,"url":"https:\/\/pontiacchamberofcommerce.ca\/wp-content\/uploads\/2023\/10\/fcei-presentation.jpg","type":"image\/jpeg"}],"twitter_card":"summary_large_image","twitter_misc":{"Dur\u00e9e de lecture estim\u00e9e":"3 minutes"},"schema":{"@context":"https:\/\/schema.org","@graph":[{"@type":"WebPage","@id":"https:\/\/pontiacchamberofcommerce.ca\/fr\/evenements\/","url":"https:\/\/pontiacchamberofcommerce.ca\/fr\/evenements\/","name":"La Chambre de commerce du Pontiac \u2502\u00c9v\u00e8nements \u00e0 venir","isPartOf":{"@id":"https:\/\/pontiacchamberofcommerce.ca\/fr\/#website"},"primaryImageOfPage":{"@id":"https:\/\/pontiacchamberofcommerce.ca\/fr\/evenements\/#primaryimage"},"image":{"@id":"https:\/\/pontiacchamberofcommerce.ca\/fr\/evenements\/#primaryimage"},"thumbnailUrl":"https:\/\/pontiacchamberofcommerce.ca\/wp-content\/uploads\/2023\/10\/fcei-presentation.jpg","datePublished":"2023-01-06T08:35:28+00:00","dateModified":"2024-08-08T17:38:00+00:00","description":"Jetez un coup d'\u0153il \u00e0 nos \u00e9v\u00e9nements \u00e0 venir et profitez du r\u00e9seautage avec les meilleurs entrepreneurs de la r\u00e9gion du Pontiac.","breadcrumb":{"@id":"https:\/\/pontiacchamberofcommerce.ca\/fr\/evenements\/#breadcrumb"},"inLanguage":"fr-FR","potentialAction":[{"@type":"ReadAction","target":["https:\/\/pontiacchamberofcommerce.ca\/fr\/evenements\/"]}]},{"@type":"ImageObject","inLanguage":"fr-FR","@id":"https:\/\/pontiacchamberofcommerce.ca\/fr\/evenements\/#primaryimage","url":"https:\/\/pontiacchamberofcommerce.ca\/wp-content\/uploads\/2023\/10\/fcei-presentation.jpg","contentUrl":"https:\/\/pontiacchamberofcommerce.ca\/wp-content\/uploads\/2023\/10\/fcei-presentation.jpg","width":1226,"height":923,"caption":"Canadian Federation of Independent Businesses"},{"@type":"BreadcrumbList","@id":"https:\/\/pontiacchamberofcommerce.ca\/fr\/evenements\/#breadcrumb","itemListElement":[{"@type":"ListItem","position":1,"name":"Home","item":"https:\/\/pontiacchamberofcommerce.ca\/fr\/"},{"@type":"ListItem","position":2,"name":"\u00c9v\u00e9nements"}]},{"@type":"WebSite","@id":"https:\/\/pontiacchamberofcommerce.ca\/fr\/#website","url":"https:\/\/pontiacchamberofcommerce.ca\/fr\/","name":"Pontiac Chamber of Commerce","description":"","publisher":{"@id":"https:\/\/pontiacchamberofcommerce.ca\/fr\/#organization"},"potentialAction":[{"@type":"SearchAction","target":{"@type":"EntryPoint","urlTemplate":"https:\/\/pontiacchamberofcommerce.ca\/fr\/?s={search_term_string}"},"query-input":{"@type":"PropertyValueSpecification","valueRequired":true,"valueName":"search_term_string"}}],"inLanguage":"fr-FR"},{"@type":"Organization","@id":"https:\/\/pontiacchamberofcommerce.ca\/fr\/#organization","name":"Pontiac Chamber of Commerce","url":"https:\/\/pontiacchamberofcommerce.ca\/fr\/","logo":{"@type":"ImageObject","inLanguage":"fr-FR","@id":"https:\/\/pontiacchamberofcommerce.ca\/fr\/#\/schema\/logo\/image\/","url":"https:\/\/pontiacchamberofcommerce.ca\/wp-content\/uploads\/2023\/01\/Chamber-Logo-2022.jpg","contentUrl":"https:\/\/pontiacchamberofcommerce.ca\/wp-content\/uploads\/2023\/01\/Chamber-Logo-2022.jpg","width":1500,"height":1531,"caption":"Pontiac Chamber of Commerce"},"image":{"@id":"https:\/\/pontiacchamberofcommerce.ca\/fr\/#\/schema\/logo\/image\/"},"sameAs":["https:\/\/www.facebook.com\/CommercePontiac"]}]}},"_links":{"self":[{"href":"https:\/\/pontiacchamberofcommerce.ca\/fr\/wp-json\/wp\/v2\/pages\/30","targetHints":{"allow":["GET"]}}],"collection":[{"href":"https:\/\/pontiacchamberofcommerce.ca\/fr\/wp-json\/wp\/v2\/pages"}],"about":[{"href":"https:\/\/pontiacchamberofcommerce.ca\/fr\/wp-json\/wp\/v2\/types\/page"}],"author":[{"embeddable":true,"href":"https:\/\/pontiacchamberofcommerce.ca\/fr\/wp-json\/wp\/v2\/users\/2"}],"replies":[{"embeddable":true,"href":"https:\/\/pontiacchamberofcommerce.ca\/fr\/wp-json\/wp\/v2\/comments?post=30"}],"version-history":[{"count":3,"href":"https:\/\/pontiacchamberofcommerce.ca\/fr\/wp-json\/wp\/v2\/pages\/30\/revisions"}],"predecessor-version":[{"id":987512699,"href":"https:\/\/pontiacchamberofcommerce.ca\/fr\/wp-json\/wp\/v2\/pages\/30\/revisions\/987512699"}],"wp:featuredmedia":[{"embeddable":true,"href":"https:\/\/pontiacchamberofcommerce.ca\/fr\/wp-json\/wp\/v2\/media\/987505672"}],"wp:attachment":[{"href":"https:\/\/pontiacchamberofcommerce.ca\/fr\/wp-json\/wp\/v2\/media?parent=30"}],"curies":[{"name":"wp","href":"https:\/\/api.w.org\/{rel}","templated":true}]}}